{"id":10709,"date":"2026-03-05T16:43:49","date_gmt":"2026-03-05T16:43:49","guid":{"rendered":"https:\/\/healthinabox.com\/product\/sante-des-femmes-thrive\/"},"modified":"2026-05-14T00:40:55","modified_gmt":"2026-05-14T00:40:55","slug":"sante-des-femmes-thrive","status":"publish","type":"product","link":"https:\/\/healthinabox.com\/fr\/produit\/sante-des-femmes-thrive\/","title":{"rendered":"Sant\u00e9 des femmes &#8211; Thrive"},"content":{"rendered":"[vc_row type=\u00a0\u00bbin_container\u00a0\u00bb full_screen_row_position=\u00a0\u00bbmiddle\u00a0\u00bb column_margin=\u00a0\u00bbdefault\u00a0\u00bb column_direction=\u00a0\u00bbdefault\u00a0\u00bb column_direction_tablet=\u00a0\u00bbdefault\u00a0\u00bb column_direction_phone=\u00a0\u00bbdefault\u00a0\u00bb scene_position=\u00a0\u00bbcenter\u00a0\u00bb text_color=\u00a0\u00bbdark\u00a0\u00bb text_align=\u00a0\u00bbleft\u00a0\u00bb row_border_radius=\u00a0\u00bbnone\u00a0\u00bb row_border_radius_applies=\u00a0\u00bbbg\u00a0\u00bb row_position_desktop=\u00a0\u00bbdefault\u00a0\u00bb row_position_tablet=\u00a0\u00bbinherit\u00a0\u00bb row_position_phone=\u00a0\u00bbinherit\u00a0\u00bb overflow=\u00a0\u00bbvisible\u00a0\u00bb overlay_strength=\u00a0\u00bb0.3&Prime; gradient_direction=\u00a0\u00bbleft_to_right\u00a0\u00bb shape_divider_position=\u00a0\u00bbbottom\u00a0\u00bb bg_image_animation=\u00a0\u00bbnone\u00a0\u00bb][vc_column column_padding=\u00a0\u00bbno-extra-padding\u00a0\u00bb column_padding_tablet=\u00a0\u00bbinherit\u00a0\u00bb column_padding_phone=\u00a0\u00bbinherit\u00a0\u00bb column_padding_position=\u00a0\u00bball\u00a0\u00bb flex_gap_desktop=\u00a0\u00bb10px\u00a0\u00bb column_element_direction_desktop=\u00a0\u00bbdefault\u00a0\u00bb column_element_spacing=\u00a0\u00bbdefault\u00a0\u00bb desktop_text_alignment=\u00a0\u00bbdefault\u00a0\u00bb tablet_text_alignment=\u00a0\u00bbdefault\u00a0\u00bb phone_text_alignment=\u00a0\u00bbdefault\u00a0\u00bb background_color_opacity=\u00a0\u00bb1&Prime; background_hover_color_opacity=\u00a0\u00bb1&Prime; column_backdrop_filter=\u00a0\u00bbnone\u00a0\u00bb column_shadow=\u00a0\u00bbnone\u00a0\u00bb column_border_radius=\u00a0\u00bbnone\u00a0\u00bb column_link_target=\u00a0\u00bb_self\u00a0\u00bb column_position=\u00a0\u00bbdefault\u00a0\u00bb gradient_direction=\u00a0\u00bbleft_to_right\u00a0\u00bb overlay_strength=\u00a0\u00bb0.3&Prime; width=\u00a0\u00bb1\/1&Prime; tablet_width_inherit=\u00a0\u00bbdefault\u00a0\u00bb animation_type=\u00a0\u00bbdefault\u00a0\u00bb bg_image_animation=\u00a0\u00bbnone\u00a0\u00bb border_type=\u00a0\u00bbsimple\u00a0\u00bb column_border_width=\u00a0\u00bbnone\u00a0\u00bb column_border_style=\u00a0\u00bbsolid\u00a0\u00bb][divider line_type=\u00a0\u00bbNo Line\u00a0\u00bb custom_height=\u00a0\u00bb15px\u00a0\u00bb custom_height_tablet=\u00a0\u00bb15px\u00a0\u00bb custom_height_phone=\u00a0\u00bb15px\u00a0\u00bb][vc_column_text css=\u00a0\u00bb\u00a0\u00bb text_direction=\u00a0\u00bbdefault\u00a0\u00bb]\n<div class=\"wpb_text_column wpb_content_element \">\n<div class=\"wpb_text_column wpb_content_element \">\n<div class=\"wpb_text_column wpb_content_element \">\n<div class=\"wpb_text_column wpb_content_element \">\n<p><strong>Id\u00e9al pour :<\/strong><\/p>\n<\/div>\n<div class=\"wpb_text_column wpb_content_element \">\n<p>\u2022 Celles qui souhaitent une \u00e9valuation compl\u00e8te<br \/>\n\u2022 Une optimisation continue<br \/>\n\u2022 Un examen unique et approfondi de tous les syst\u00e8mes corporels<\/p>\n<p><strong>Pour toute personne qui veut le portrait complet, t\u00f4t.<\/strong><\/p>\n<\/div>\n<div class=\"wpb_text_column wpb_content_element \">\n<p>Comprend une consultation d\u00e9di\u00e9e de 45 minutes avec un clinicien pour interpr\u00e9ter les marqueurs m\u00e9taboliques, hormonaux, nutritionnels et des syst\u00e8mes organiques, offrant un aper\u00e7u complet de la sant\u00e9 du foie, de la fonction r\u00e9nale, de la chimie sanguine et de la physiologie interne globale.<\/p>\n<\/div>\n<\/div>\n<\/div>\n<\/div>\n[\/vc_column_text][nectar_cta btn_style=\u00a0\u00bbbasic\u00a0\u00bb heading_tag=\u00a0\u00bbspan\u00a0\u00bb border_radius=\u00a0\u00bb100&Prime; link_type=\u00a0\u00bbnew_tab\u00a0\u00bb button_color=\u00a0\u00bbextra-color-1&Prime; button_color_hover=\u00a0\u00bb#35A9A48A\u00a0\u00bb text_color=\u00a0\u00bb#FFFFFF\u00a0\u00bb button_border_thickness=\u00a0\u00bb0px\u00a0\u00bb alignment=\u00a0\u00bbleft\u00a0\u00bb alignment_tablet=\u00a0\u00bbleft\u00a0\u00bb alignment_phone=\u00a0\u00bbleft\u00a0\u00bb constrain_group_3=\u00a0\u00bbyes\u00a0\u00bb constrain_group_4=\u00a0\u00bbyes\u00a0\u00bb icon_gap=\u00a0\u00bb30&Prime; backdrop_filter=\u00a0\u00bbblur\u00a0\u00bb backdrop_filter_blur=\u00a0\u00bb13&Prime; display=\u00a0\u00bbinline\u00a0\u00bb display_tablet=\u00a0\u00bbinherit\u00a0\u00bb display_phone=\u00a0\u00bbinherit\u00a0\u00bb icon_family=\u00a0\u00bbnone\u00a0\u00bb link_text=\u00a0\u00bbVoir ce que nous testons\u00a0\u00bb url=\u00a0\u00bbhttps:\/\/healthinabox.com\/wp-content\/uploads\/2026\/05\/HIAB_See-What-We-Test_0605.pdf\u00a0\u00bb padding_top=\u00a0\u00bb10&Prime; padding_bottom=\u00a0\u00bb10&Prime; padding_left=\u00a0\u00bb35&Prime; padding_right=\u00a0\u00bb35&Prime;][\/vc_column][\/vc_row]\n","protected":false},"excerpt":{"rendered":"<h5><span style=\"color: #4a4a4a;\"><em>\u00c0 partir de 89,95 $\/mois*<\/em><\/span><\/h5>\n<h6><span style=\"color: #950000;\">Disponible uniquement en Ontario.<\/span><\/h6>\n<h4><strong>Bilan de sant\u00e9 complet<\/strong><\/h4>\n<p>Consultation virtuelle de 45 minutes avec un clinicien<br \/>\nS\u00e9ance de suivi de 15 minutes<\/p>\n<p><strong>Le portrait complet.<\/strong><\/p>\n<p>La vision la plus compl\u00e8te de votre sant\u00e9 que nous proposons. \u00c9tat m\u00e9tabolique, hormonal, nutritionnel, inflammatoire et sant\u00e9 des organes \u00e9valu\u00e9s dans leur int\u00e9gralit\u00e9. <\/p>\n<h5><span style=\"color: #4a4a4a;\"><em>*Sous r\u00e9serve de financement qualifi\u00e9.<\/em><\/span><\/h5>\n","protected":false},"featured_media":10710,"template":"","meta":{"content-type":"","_uag_custom_page_level_css":""},"product_brand":[],"product_cat":[173],"product_tag":[],"class_list":{"0":"post-10709","1":"product","2":"type-product","3":"status-publish","4":"has-post-thumbnail","6":"product_cat-sante-des-femmes","8":"first","9":"instock","10":"virtual","11":"taxable","12":"purchasable","13":"product-type-bundle"},"bundled_by":[],"bundle_stock_status":"instock","bundle_stock_quantity":"","bundle_virtual":false,"bundle_layout":"default","bundle_add_to_cart_form_location":"default","bundle_editable_in_cart":false,"bundle_sold_individually_context":"product","bundle_item_grouping":"parent","bundle_min_size":"","bundle_max_size":"","bundle_price":{"price":{"min":{"incl_tax":"995.00","excl_tax":"995.00"},"max":{"incl_tax":"1145","excl_tax":"1145"}},"regular_price":{"min":{"incl_tax":"995.00","excl_tax":"995.00"},"max":{"incl_tax":"1145","excl_tax":"1145"}}},"bundled_items":[{"bundled_item_id":33,"product_id":10705,"menu_order":0,"quantity_min":1,"quantity_max":1,"quantity_default":1,"priced_individually":true,"shipped_individually":true,"override_title":true,"title":"Consultation clinique de 30 minutes","override_description":true,"description":"S\u00e9ance de suivi suppl\u00e9mentaire.","optional":true,"hide_thumbnail":true,"discount":"","override_variations":false,"allowed_variations":[""],"override_default_variation_attributes":false,"default_variation_attributes":[],"single_product_visibility":"visible","cart_visibility":"visible","order_visibility":"visible","single_product_price_visibility":"visible","cart_price_visibility":"visible","order_price_visibility":"visible","stock_status":"in_stock"}],"bundle_sell_ids":[],"uagb_featured_image_src":{"full":["https:\/\/healthinabox.com\/wp-content\/uploads\/2026\/03\/ProgWomen_wh-thrive.jpg",2000,2000,false],"thumbnail":["https:\/\/healthinabox.com\/wp-content\/uploads\/2026\/03\/ProgWomen_wh-thrive-150x150.jpg",150,150,true],"medium":["https:\/\/healthinabox.com\/wp-content\/uploads\/2026\/03\/ProgWomen_wh-thrive-300x300.jpg",300,300,true],"medium_large":["https:\/\/healthinabox.com\/wp-content\/uploads\/2026\/03\/ProgWomen_wh-thrive-768x768.jpg",768,768,true],"large":["https:\/\/healthinabox.com\/wp-content\/uploads\/2026\/03\/ProgWomen_wh-thrive-1024x1024.jpg",1024,1024,true],"1536x1536":["https:\/\/healthinabox.com\/wp-content\/uploads\/2026\/03\/ProgWomen_wh-thrive-1536x1536.jpg",1536,1536,true],"2048x2048":["https:\/\/healthinabox.com\/wp-content\/uploads\/2026\/03\/ProgWomen_wh-thrive.jpg",2000,2000,false],"portfolio-thumb":["https:\/\/healthinabox.com\/wp-content\/uploads\/2026\/03\/ProgWomen_wh-thrive-600x403.jpg",600,403,true],"nectar_small_square":["https:\/\/healthinabox.com\/wp-content\/uploads\/2026\/03\/ProgWomen_wh-thrive-140x140.jpg",140,140,true],"portfolio-thumb_large":["https:\/\/healthinabox.com\/wp-content\/uploads\/2026\/03\/ProgWomen_wh-thrive-900x604.jpg",900,604,true],"portfolio-thumb_small":["https:\/\/healthinabox.com\/wp-content\/uploads\/2026\/03\/ProgWomen_wh-thrive-400x269.jpg",400,269,true],"portfolio-widget":["https:\/\/healthinabox.com\/wp-content\/uploads\/2026\/03\/ProgWomen_wh-thrive-100x100.jpg",100,100,true],"regular":["https:\/\/healthinabox.com\/wp-content\/uploads\/2026\/03\/ProgWomen_wh-thrive-500x500.jpg",500,500,true],"regular_photography":["https:\/\/healthinabox.com\/wp-content\/uploads\/2026\/03\/ProgWomen_wh-thrive-450x600.jpg",450,600,true],"regular_small":["https:\/\/healthinabox.com\/wp-content\/uploads\/2026\/03\/ProgWomen_wh-thrive-350x350.jpg",350,350,true],"regular_photography_small":["https:\/\/healthinabox.com\/wp-content\/uploads\/2026\/03\/ProgWomen_wh-thrive-350x467.jpg",350,467,true],"wide_tall":["https:\/\/healthinabox.com\/wp-content\/uploads\/2026\/03\/ProgWomen_wh-thrive-1000x1000.jpg",1000,1000,true],"wide_tall_photography":["https:\/\/healthinabox.com\/wp-content\/uploads\/2026\/03\/ProgWomen_wh-thrive-900x1200.jpg",900,1200,true],"wide_photography":["https:\/\/healthinabox.com\/wp-content\/uploads\/2026\/03\/ProgWomen_wh-thrive-900x600.jpg",900,600,true],"wide_photography_small":["https:\/\/healthinabox.com\/wp-content\/uploads\/2026\/03\/ProgWomen_wh-thrive-675x450.jpg",675,450,true],"large_featured":["https:\/\/healthinabox.com\/wp-content\/uploads\/2026\/03\/ProgWomen_wh-thrive-1870x770.jpg",1870,770,true],"medium_featured":["https:\/\/healthinabox.com\/wp-content\/uploads\/2026\/03\/ProgWomen_wh-thrive-800x800.jpg",800,800,true],"woocommerce_thumbnail":["https:\/\/healthinabox.com\/wp-content\/uploads\/2026\/03\/ProgWomen_wh-thrive-450x450.jpg",450,450,true],"woocommerce_single":["https:\/\/healthinabox.com\/wp-content\/uploads\/2026\/03\/ProgWomen_wh-thrive-1000x1000.jpg",1000,1000,true],"woocommerce_gallery_thumbnail":["https:\/\/healthinabox.com\/wp-content\/uploads\/2026\/03\/ProgWomen_wh-thrive-150x150.jpg",150,150,true],"variation_swatches_image_size":["https:\/\/healthinabox.com\/wp-content\/uploads\/2026\/03\/ProgWomen_wh-thrive-50x50.jpg",50,50,true],"variation_swatches_tooltip_size":["https:\/\/healthinabox.com\/wp-content\/uploads\/2026\/03\/ProgWomen_wh-thrive-100x100.jpg",100,100,true]},"uagb_author_info":{"display_name":"Marie Corriveau","author_link":"https:\/\/healthinabox.com\/fr\/author\/"},"uagb_comment_info":0,"uagb_excerpt":"\u00c0 partir de 89,95 $\/mois* Disponible uniquement en Ontario. Bilan de sant\u00e9 complet Consultation virtuelle de 45 minutes avec un clinicien S\u00e9ance de suivi de 15 minutes Le portrait complet. La vision la plus compl\u00e8te de votre sant\u00e9 que nous proposons. \u00c9tat m\u00e9tabolique, hormonal, nutritionnel, inflammatoire et sant\u00e9 des organes \u00e9valu\u00e9s dans leur int\u00e9gralit\u00e9. *Sous\u2026","_links":{"self":[{"href":"https:\/\/healthinabox.com\/fr\/wp-json\/wp\/v2\/product\/10709","targetHints":{"allow":["GET"]}}],"collection":[{"href":"https:\/\/healthinabox.com\/fr\/wp-json\/wp\/v2\/product"}],"about":[{"href":"https:\/\/healthinabox.com\/fr\/wp-json\/wp\/v2\/types\/product"}],"wp:featuredmedia":[{"embeddable":true,"href":"https:\/\/healthinabox.com\/fr\/wp-json\/wp\/v2\/media\/10710"}],"wp:attachment":[{"href":"https:\/\/healthinabox.com\/fr\/wp-json\/wp\/v2\/media?parent=10709"}],"wp:term":[{"taxonomy":"product_brand","embeddable":true,"href":"https:\/\/healthinabox.com\/fr\/wp-json\/wp\/v2\/product_brand?post=10709"},{"taxonomy":"product_cat","embeddable":true,"href":"https:\/\/healthinabox.com\/fr\/wp-json\/wp\/v2\/product_cat?post=10709"},{"taxonomy":"product_tag","embeddable":true,"href":"https:\/\/healthinabox.com\/fr\/wp-json\/wp\/v2\/product_tag?post=10709"}],"curies":[{"name":"wp","href":"https:\/\/api.w.org\/{rel}","templated":true}]}}