{"id":10638,"date":"2026-05-05T12:52:53","date_gmt":"2026-05-05T12:52:53","guid":{"rendered":"https:\/\/healthinabox.com\/politique-de-remboursement\/"},"modified":"2026-05-13T20:10:18","modified_gmt":"2026-05-13T20:10:18","slug":"politique-de-remboursement","status":"publish","type":"page","link":"https:\/\/healthinabox.com\/fr\/politique-de-remboursement\/","title":{"rendered":"Politique de remboursement"},"content":{"rendered":"\n<h1 class=\"wp-block-heading\">Politique de remboursement<\/h1>\n\n<h2 class=\"wp-block-heading\">Compl\u00e9ments<\/h2>\n\n<p>Nous n\u2019acceptons pas les retours une fois qu\u2019un article a \u00e9t\u00e9 livr\u00e9, s\u2019il \u00e9tait conforme et est arriv\u00e9 en bon \u00e9tat.<\/p>\n\n<h2 class=\"wp-block-heading\">Programmes<\/h2>\n\n<p>Les remboursements sont possibles dans les 7 jours suivant l\u2019achat, \u00e0 condition que le compte de l\u2019utilisateur n\u2019ait pas \u00e9t\u00e9 activ\u00e9 et qu\u2019aucun mat\u00e9riel n\u2019ait \u00e9t\u00e9 consult\u00e9. <\/p>\n\n<p>Une fois qu\u2019une demande de laboratoire a \u00e9t\u00e9 \u00e9mise, le programme est consid\u00e9r\u00e9 comme livr\u00e9 et n\u2019est pas remboursable. <\/p>\n\n<p><\/p>\n\n<h2 class=\"wp-block-heading\">Rendez-vous (Services cliniques)<\/h2>\n\n<p>Les rendez-vous peuvent \u00eatre annul\u00e9s ou report\u00e9s jusqu\u2019\u00e0 48 heures \u00e0 l\u2019avance sans frais. <\/p>\n\n<p>Les annulations effectu\u00e9es moins de 48 heures avant l\u2019heure du rendez-vous ne sont pas remboursables. Le report dans ce d\u00e9lai peut \u00eatre soumis \u00e0 des frais.  <\/p>\n\n<p>Les rendez-vous manqu\u00e9s (absences non signal\u00e9es) ne sont pas remboursables.<\/p>\n\n<h2 class=\"wp-block-heading\">Des questions ?<\/h2>\n\n<p>Contactez l\u2019\u00e9quipe \u00e0 l\u2019adresse <a href=\"mailto:gethiabsupport@healthinabox.com\">gethiabsupport@healthinabox.com<\/a>.<\/p>\n\n<p><\/p>\n","protected":false},"excerpt":{"rendered":"<p>Politique de remboursement Compl\u00e9ments Nous n\u2019acceptons pas les retours une fois qu\u2019un article a \u00e9t\u00e9 livr\u00e9, s\u2019il \u00e9tait conforme et est arriv\u00e9 en bon \u00e9tat. Programmes Les remboursements sont possibles&#8230;<\/p>\n","protected":false},"author":1,"featured_media":0,"parent":0,"menu_order":0,"comment_status":"closed","ping_status":"closed","template":"","meta":{"content-type":"","_uag_custom_page_level_css":"","footnotes":""},"class_list":["post-10638","page","type-page","status-publish"],"uagb_featured_image_src":{"full":false,"thumbnail":false,"medium":false,"medium_large":false,"large":false,"1536x1536":false,"2048x2048":false,"portfolio-thumb":false,"nectar_small_square":false,"portfolio-thumb_large":false,"portfolio-thumb_small":false,"portfolio-widget":false,"regular":false,"regular_photography":false,"regular_small":false,"regular_photography_small":false,"wide_tall":false,"wide_tall_photography":false,"wide_photography":false,"wide_photography_small":false,"large_featured":false,"medium_featured":false,"woocommerce_thumbnail":false,"woocommerce_single":false,"woocommerce_gallery_thumbnail":false,"variation_swatches_image_size":false,"variation_swatches_tooltip_size":false},"uagb_author_info":{"display_name":"hiabadmin","author_link":"https:\/\/healthinabox.com\/fr\/author\/hiabadmin\/"},"uagb_comment_info":0,"uagb_excerpt":"Politique de remboursement Compl\u00e9ments Nous n\u2019acceptons pas les retours une fois qu\u2019un article a \u00e9t\u00e9 livr\u00e9, s\u2019il \u00e9tait conforme et est arriv\u00e9 en bon \u00e9tat. Programmes Les remboursements sont possibles...","_links":{"self":[{"href":"https:\/\/healthinabox.com\/fr\/wp-json\/wp\/v2\/pages\/10638","targetHints":{"allow":["GET"]}}],"collection":[{"href":"https:\/\/healthinabox.com\/fr\/wp-json\/wp\/v2\/pages"}],"about":[{"href":"https:\/\/healthinabox.com\/fr\/wp-json\/wp\/v2\/types\/page"}],"author":[{"embeddable":true,"href":"https:\/\/healthinabox.com\/fr\/wp-json\/wp\/v2\/users\/1"}],"replies":[{"embeddable":true,"href":"https:\/\/healthinabox.com\/fr\/wp-json\/wp\/v2\/comments?post=10638"}],"version-history":[{"count":1,"href":"https:\/\/healthinabox.com\/fr\/wp-json\/wp\/v2\/pages\/10638\/revisions"}],"predecessor-version":[{"id":10639,"href":"https:\/\/healthinabox.com\/fr\/wp-json\/wp\/v2\/pages\/10638\/revisions\/10639"}],"wp:attachment":[{"href":"https:\/\/healthinabox.com\/fr\/wp-json\/wp\/v2\/media?parent=10638"}],"curies":[{"name":"wp","href":"https:\/\/api.w.org\/{rel}","templated":true}]}}