{"id":10623,"date":"2026-01-05T13:45:40","date_gmt":"2026-01-05T13:45:40","guid":{"rendered":"https:\/\/healthinabox.com\/panier\/"},"modified":"2026-05-13T13:55:03","modified_gmt":"2026-05-13T13:55:03","slug":"panier","status":"publish","type":"page","link":"https:\/\/healthinabox.com\/fr\/panier\/","title":{"rendered":"Panier"},"content":{"rendered":"\n<div data-block-name=\"woocommerce\/cart\" class=\"wp-block-woocommerce-cart alignwide is-loading\">\n<div data-block-name=\"woocommerce\/filled-cart-block\" class=\"wp-block-woocommerce-filled-cart-block\">\n<div data-block-name=\"woocommerce\/cart-items-block\" class=\"wp-block-woocommerce-cart-items-block\">\n<div data-block-name=\"woocommerce\/cart-line-items-block\" class=\"wp-block-woocommerce-cart-line-items-block\"><\/div>\n\n\n<\/div>\n\n\n\n\n<div data-block-name=\"woocommerce\/cart-totals-block\" class=\"wp-block-woocommerce-cart-totals-block\">\n<div data-block-name=\"woocommerce\/cart-order-summary-block\" class=\"wp-block-woocommerce-cart-order-summary-block\">\n<div data-block-name=\"woocommerce\/cart-order-summary-heading-block\" class=\"wp-block-woocommerce-cart-order-summary-heading-block\"><\/div><div data-block-name=\"woocommerce\/cart-order-summary-coupon-form-block\" class=\"wp-block-woocommerce-cart-order-summary-coupon-form-block\"><\/div><div data-block-name=\"woocommerce\/cart-order-summary-totals-block\" class=\"wp-block-woocommerce-cart-order-summary-totals-block\">\n<div data-block-name=\"woocommerce\/cart-order-summary-subtotal-block\" class=\"wp-block-woocommerce-cart-order-summary-subtotal-block\"><\/div>\n<div data-block-name=\"woocommerce\/cart-order-summary-discount-block\" class=\"wp-block-woocommerce-cart-order-summary-discount-block\"><\/div>\n<div data-block-name=\"woocommerce\/cart-order-summary-fee-block\" class=\"wp-block-woocommerce-cart-order-summary-fee-block\"><\/div>\n<div data-block-name=\"woocommerce\/cart-order-summary-shipping-block\" class=\"wp-block-woocommerce-cart-order-summary-shipping-block\"><\/div>\n<div data-block-name=\"woocommerce\/cart-order-summary-taxes-block\" class=\"wp-block-woocommerce-cart-order-summary-taxes-block\"><\/div><\/div>\n<\/div>\n\n\n\n<div data-block-name=\"woocommerce\/cart-express-payment-block\" class=\"wp-block-woocommerce-cart-express-payment-block\"><\/div>\n\n\n\n<div data-block-name=\"woocommerce\/proceed-to-checkout-block\" class=\"wp-block-woocommerce-proceed-to-checkout-block\"><\/div>\n\n\n\n<div data-block-name=\"woocommerce\/cart-accepted-payment-methods-block\" class=\"wp-block-woocommerce-cart-accepted-payment-methods-block\"><\/div>\n<\/div>\n<\/div>\n\n\n\n<div data-block-name=\"woocommerce\/empty-cart-block\" class=\"wp-block-woocommerce-empty-cart-block\">\n<h2 class=\"wp-block-heading has-text-align-center with-empty-cart-icon wc-block-cart__empty-cart__title\">Votre panier est actuellement vide\u00a0!<\/h2>\n\n\n\n<hr class=\"wp-block-separator has-alpha-channel-opacity is-style-dots\"\/>\n\n\n\n<h2 class=\"wp-block-heading has-text-align-center\">Nouveau dans la boutique<\/h2>\n\n\n<div data-block-name=\"woocommerce\/product-new\" data-columns=\"4\" data-rows=\"1\" class=\"wc-block-grid wp-block-product-new wp-block-woocommerce-product-new wc-block-product-new has-4-columns\"><ul class=\"wc-block-grid__products\"><li class=\"wc-block-grid__product\">\n\t\t\t\t<a href=\"https:\/\/healthinabox.com\/fr\/produit\/seance-de-suivi-avec-un-clinicien-30-minutes\/\" class=\"wc-block-grid__product-link\">\n\t\t\t\t\t\n\t\t\t\t\t<div class=\"wc-block-grid__product-image\"><img loading=\"lazy\" decoding=\"async\" width=\"450\" height=\"450\" src=\"https:\/\/healthinabox.com\/wp-content\/uploads\/2026\/04\/Services_Clini-follow-450x450.jpg\" class=\"attachment-woocommerce_thumbnail size-woocommerce_thumbnail\" alt=\"S\u00e9ance de suivi avec un clinicien (30 minutes)\" srcset=\"https:\/\/healthinabox.com\/wp-content\/uploads\/2026\/04\/Services_Clini-follow-450x450.jpg 450w, https:\/\/healthinabox.com\/wp-content\/uploads\/2026\/04\/Services_Clini-follow-300x300.jpg 300w, https:\/\/healthinabox.com\/wp-content\/uploads\/2026\/04\/Services_Clini-follow-1024x1024.jpg 1024w, https:\/\/healthinabox.com\/wp-content\/uploads\/2026\/04\/Services_Clini-follow-150x150.jpg 150w, https:\/\/healthinabox.com\/wp-content\/uploads\/2026\/04\/Services_Clini-follow-768x768.jpg 768w, https:\/\/healthinabox.com\/wp-content\/uploads\/2026\/04\/Services_Clini-follow-1536x1536.jpg 1536w, https:\/\/healthinabox.com\/wp-content\/uploads\/2026\/04\/Services_Clini-follow-140x140.jpg 140w, https:\/\/healthinabox.com\/wp-content\/uploads\/2026\/04\/Services_Clini-follow-100x100.jpg 100w, https:\/\/healthinabox.com\/wp-content\/uploads\/2026\/04\/Services_Clini-follow-500x500.jpg 500w, https:\/\/healthinabox.com\/wp-content\/uploads\/2026\/04\/Services_Clini-follow-350x350.jpg 350w, https:\/\/healthinabox.com\/wp-content\/uploads\/2026\/04\/Services_Clini-follow-1000x1000.jpg 1000w, https:\/\/healthinabox.com\/wp-content\/uploads\/2026\/04\/Services_Clini-follow-800x800.jpg 800w, https:\/\/healthinabox.com\/wp-content\/uploads\/2026\/04\/Services_Clini-follow-50x50.jpg 50w, https:\/\/healthinabox.com\/wp-content\/uploads\/2026\/04\/Services_Clini-follow.jpg 2000w\" sizes=\"auto, (max-width: 450px) 100vw, 450px\" \/><\/div>\n\t\t\t\t\t<div class=\"wc-block-grid__product-title\">S\u00e9ance de suivi avec un clinicien (30 minutes)<\/div>\n\t\t\t\t<\/a>\n\t\t\t\t<div class=\"wc-block-grid__product-price price\"><span class=\"woocommerce-Price-amount amount\"><span class=\"woocommerce-Price-currencySymbol\">&#036;<\/span>150.00<\/span><\/div>\n\t\t\t\t\n\t\t\t\t<div class=\"wp-block-button wc-block-grid__product-add-to-cart\"><a href=\"\/fr\/wp-json\/wp\/v2\/pages\/10623?add-to-cart=10721\" aria-label=\"Ajouter au panier\u00a0: &ldquo;S\u00e9ance de suivi avec un clinicien (30 minutes)&rdquo;\" data-quantity=\"1\" data-product_id=\"10721\" data-product_sku=\"\" data-price=\"150\" rel=\"nofollow\" class=\"wp-block-button__link  add_to_cart_button ajax_add_to_cart\">Ajouter au panier<\/a><\/div>\n\t\t\t<\/li><li class=\"wc-block-grid__product\">\n\t\t\t\t<a href=\"https:\/\/healthinabox.com\/fr\/produit\/consultation-avec-un-medecin-naturopathe-45-minutes\/\" class=\"wc-block-grid__product-link\">\n\t\t\t\t\t\n\t\t\t\t\t<div class=\"wc-block-grid__product-image\"><img loading=\"lazy\" decoding=\"async\" width=\"450\" height=\"450\" src=\"https:\/\/healthinabox.com\/wp-content\/uploads\/2026\/04\/Services_ND-consult-450x450.jpg\" class=\"attachment-woocommerce_thumbnail size-woocommerce_thumbnail\" alt=\"Consultation avec un m\u00e9decin naturopathe (45 minutes)\" srcset=\"https:\/\/healthinabox.com\/wp-content\/uploads\/2026\/04\/Services_ND-consult-450x450.jpg 450w, https:\/\/healthinabox.com\/wp-content\/uploads\/2026\/04\/Services_ND-consult-300x300.jpg 300w, https:\/\/healthinabox.com\/wp-content\/uploads\/2026\/04\/Services_ND-consult-1024x1024.jpg 1024w, https:\/\/healthinabox.com\/wp-content\/uploads\/2026\/04\/Services_ND-consult-150x150.jpg 150w, https:\/\/healthinabox.com\/wp-content\/uploads\/2026\/04\/Services_ND-consult-768x768.jpg 768w, https:\/\/healthinabox.com\/wp-content\/uploads\/2026\/04\/Services_ND-consult-1536x1536.jpg 1536w, https:\/\/healthinabox.com\/wp-content\/uploads\/2026\/04\/Services_ND-consult-140x140.jpg 140w, https:\/\/healthinabox.com\/wp-content\/uploads\/2026\/04\/Services_ND-consult-100x100.jpg 100w, https:\/\/healthinabox.com\/wp-content\/uploads\/2026\/04\/Services_ND-consult-500x500.jpg 500w, https:\/\/healthinabox.com\/wp-content\/uploads\/2026\/04\/Services_ND-consult-350x350.jpg 350w, https:\/\/healthinabox.com\/wp-content\/uploads\/2026\/04\/Services_ND-consult-1000x1000.jpg 1000w, https:\/\/healthinabox.com\/wp-content\/uploads\/2026\/04\/Services_ND-consult-800x800.jpg 800w, https:\/\/healthinabox.com\/wp-content\/uploads\/2026\/04\/Services_ND-consult-50x50.jpg 50w, https:\/\/healthinabox.com\/wp-content\/uploads\/2026\/04\/Services_ND-consult.jpg 2000w\" sizes=\"auto, (max-width: 450px) 100vw, 450px\" \/><\/div>\n\t\t\t\t\t<div class=\"wc-block-grid__product-title\">Consultation avec un m\u00e9decin naturopathe (45 minutes)<\/div>\n\t\t\t\t<\/a>\n\t\t\t\t<div class=\"wc-block-grid__product-price price\"><span class=\"woocommerce-Price-amount amount\"><span class=\"woocommerce-Price-currencySymbol\">&#036;<\/span>250.00<\/span><\/div>\n\t\t\t\t\n\t\t\t\t<div class=\"wp-block-button wc-block-grid__product-add-to-cart\"><a href=\"\/fr\/wp-json\/wp\/v2\/pages\/10623?add-to-cart=10731\" aria-label=\"Ajouter au panier\u00a0: &ldquo;Consultation avec un m\u00e9decin naturopathe (45 minutes)&rdquo;\" data-quantity=\"1\" data-product_id=\"10731\" data-product_sku=\"\" data-price=\"250\" rel=\"nofollow\" class=\"wp-block-button__link  add_to_cart_button ajax_add_to_cart\">Ajouter au panier<\/a><\/div>\n\t\t\t<\/li><li class=\"wc-block-grid__product\">\n\t\t\t\t<a href=\"https:\/\/healthinabox.com\/fr\/produit\/sante-masculine-thrive\/\" class=\"wc-block-grid__product-link\">\n\t\t\t\t\t\n\t\t\t\t\t<div class=\"wc-block-grid__product-image\"><img loading=\"lazy\" decoding=\"async\" width=\"450\" height=\"450\" src=\"https:\/\/healthinabox.com\/wp-content\/uploads\/2026\/03\/ProgMen_mh-thrive-450x450.jpg\" class=\"attachment-woocommerce_thumbnail size-woocommerce_thumbnail\" alt=\"Sant\u00e9 masculine \u2014 Thrive\" srcset=\"https:\/\/healthinabox.com\/wp-content\/uploads\/2026\/03\/ProgMen_mh-thrive-450x450.jpg 450w, https:\/\/healthinabox.com\/wp-content\/uploads\/2026\/03\/ProgMen_mh-thrive-300x300.jpg 300w, https:\/\/healthinabox.com\/wp-content\/uploads\/2026\/03\/ProgMen_mh-thrive-1024x1024.jpg 1024w, https:\/\/healthinabox.com\/wp-content\/uploads\/2026\/03\/ProgMen_mh-thrive-150x150.jpg 150w, https:\/\/healthinabox.com\/wp-content\/uploads\/2026\/03\/ProgMen_mh-thrive-768x768.jpg 768w, https:\/\/healthinabox.com\/wp-content\/uploads\/2026\/03\/ProgMen_mh-thrive-1536x1536.jpg 1536w, https:\/\/healthinabox.com\/wp-content\/uploads\/2026\/03\/ProgMen_mh-thrive-140x140.jpg 140w, https:\/\/healthinabox.com\/wp-content\/uploads\/2026\/03\/ProgMen_mh-thrive-100x100.jpg 100w, https:\/\/healthinabox.com\/wp-content\/uploads\/2026\/03\/ProgMen_mh-thrive-500x500.jpg 500w, https:\/\/healthinabox.com\/wp-content\/uploads\/2026\/03\/ProgMen_mh-thrive-350x350.jpg 350w, https:\/\/healthinabox.com\/wp-content\/uploads\/2026\/03\/ProgMen_mh-thrive-1000x1000.jpg 1000w, https:\/\/healthinabox.com\/wp-content\/uploads\/2026\/03\/ProgMen_mh-thrive-800x800.jpg 800w, https:\/\/healthinabox.com\/wp-content\/uploads\/2026\/03\/ProgMen_mh-thrive-50x50.jpg 50w, https:\/\/healthinabox.com\/wp-content\/uploads\/2026\/03\/ProgMen_mh-thrive.jpg 2000w\" sizes=\"auto, (max-width: 450px) 100vw, 450px\" \/><\/div>\n\t\t\t\t\t<div class=\"wc-block-grid__product-title\">Sant\u00e9 masculine \u2014 Thrive<\/div>\n\t\t\t\t<\/a>\n\t\t\t\t<div class=\"wc-block-grid__product-price price\"><span class=\"from\">\u00c0 partir de\u00a0: <\/span><span class=\"woocommerce-Price-amount amount\"><span class=\"woocommerce-Price-currencySymbol\">&#036;<\/span>995.00<\/span><\/div>\n\t\t\t\t\n\t\t\t\t<div class=\"wp-block-button wc-block-grid__product-add-to-cart\"><a href=\"\/fr\/wp-json\/wp\/v2\/pages\/10623?add-to-cart=10690\" aria-label=\"En savoir plus sur &ldquo;Sant\u00e9 masculine \u2014 Thrive&rdquo;\" data-quantity=\"1\" data-product_id=\"10690\" data-product_sku=\"\" data-price=\"995\" rel=\"nofollow\" class=\"wp-block-button__link  add_to_cart_button ajax_add_to_cart\">Ajouter au panier<\/a><\/div>\n\t\t\t<\/li><li class=\"wc-block-grid__product\">\n\t\t\t\t<a href=\"https:\/\/healthinabox.com\/fr\/produit\/sante-des-femmes-thrive\/\" class=\"wc-block-grid__product-link\">\n\t\t\t\t\t\n\t\t\t\t\t<div class=\"wc-block-grid__product-image\"><img loading=\"lazy\" decoding=\"async\" width=\"450\" height=\"450\" src=\"https:\/\/healthinabox.com\/wp-content\/uploads\/2026\/03\/ProgWomen_wh-thrive-450x450.jpg\" class=\"attachment-woocommerce_thumbnail size-woocommerce_thumbnail\" alt=\"Sant\u00e9 des femmes - Thrive\" srcset=\"https:\/\/healthinabox.com\/wp-content\/uploads\/2026\/03\/ProgWomen_wh-thrive-450x450.jpg 450w, https:\/\/healthinabox.com\/wp-content\/uploads\/2026\/03\/ProgWomen_wh-thrive-300x300.jpg 300w, https:\/\/healthinabox.com\/wp-content\/uploads\/2026\/03\/ProgWomen_wh-thrive-1024x1024.jpg 1024w, https:\/\/healthinabox.com\/wp-content\/uploads\/2026\/03\/ProgWomen_wh-thrive-150x150.jpg 150w, https:\/\/healthinabox.com\/wp-content\/uploads\/2026\/03\/ProgWomen_wh-thrive-768x768.jpg 768w, https:\/\/healthinabox.com\/wp-content\/uploads\/2026\/03\/ProgWomen_wh-thrive-1536x1536.jpg 1536w, https:\/\/healthinabox.com\/wp-content\/uploads\/2026\/03\/ProgWomen_wh-thrive-140x140.jpg 140w, https:\/\/healthinabox.com\/wp-content\/uploads\/2026\/03\/ProgWomen_wh-thrive-100x100.jpg 100w, https:\/\/healthinabox.com\/wp-content\/uploads\/2026\/03\/ProgWomen_wh-thrive-500x500.jpg 500w, https:\/\/healthinabox.com\/wp-content\/uploads\/2026\/03\/ProgWomen_wh-thrive-350x350.jpg 350w, https:\/\/healthinabox.com\/wp-content\/uploads\/2026\/03\/ProgWomen_wh-thrive-1000x1000.jpg 1000w, https:\/\/healthinabox.com\/wp-content\/uploads\/2026\/03\/ProgWomen_wh-thrive-800x800.jpg 800w, https:\/\/healthinabox.com\/wp-content\/uploads\/2026\/03\/ProgWomen_wh-thrive-50x50.jpg 50w, https:\/\/healthinabox.com\/wp-content\/uploads\/2026\/03\/ProgWomen_wh-thrive.jpg 2000w\" sizes=\"auto, (max-width: 450px) 100vw, 450px\" \/><\/div>\n\t\t\t\t\t<div class=\"wc-block-grid__product-title\">Sant\u00e9 des femmes &#8211; Thrive<\/div>\n\t\t\t\t<\/a>\n\t\t\t\t<div class=\"wc-block-grid__product-price price\"><span class=\"from\">\u00c0 partir de\u00a0: <\/span><span class=\"woocommerce-Price-amount amount\"><span class=\"woocommerce-Price-currencySymbol\">&#036;<\/span>995.00<\/span><\/div>\n\t\t\t\t\n\t\t\t\t<div class=\"wp-block-button wc-block-grid__product-add-to-cart\"><a href=\"\/fr\/wp-json\/wp\/v2\/pages\/10623?add-to-cart=10709\" aria-label=\"En savoir plus sur &ldquo;Sant\u00e9 des femmes - Thrive&rdquo;\" data-quantity=\"1\" data-product_id=\"10709\" data-product_sku=\"\" data-price=\"995\" rel=\"nofollow\" class=\"wp-block-button__link  add_to_cart_button ajax_add_to_cart\">Ajouter au panier<\/a><\/div>\n\t\t\t<\/li><\/ul><\/div><\/div>\n<\/div>\n","protected":false},"excerpt":{"rendered":"Vous serez peut-\u00eatre int\u00e9ress\u00e9 par&hellip; Votre panier est actuellement vide\u00a0! Nouveau dans la boutique","protected":false},"author":1,"featured_media":0,"parent":0,"menu_order":0,"comment_status":"closed","ping_status":"closed","template":"","meta":{"content-type":"","_uag_custom_page_level_css":"","footnotes":""},"class_list":["post-10623","page","type-page","status-publish"],"uagb_featured_image_src":{"full":false,"thumbnail":false,"medium":false,"medium_large":false,"large":false,"1536x1536":false,"2048x2048":false,"portfolio-thumb":false,"nectar_small_square":false,"portfolio-thumb_large":false,"portfolio-thumb_small":false,"portfolio-widget":false,"regular":false,"regular_photography":false,"regular_small":false,"regular_photography_small":false,"wide_tall":false,"wide_tall_photography":false,"wide_photography":false,"wide_photography_small":false,"large_featured":false,"medium_featured":false,"woocommerce_thumbnail":false,"woocommerce_single":false,"woocommerce_gallery_thumbnail":false,"variation_swatches_image_size":false,"variation_swatches_tooltip_size":false},"uagb_author_info":{"display_name":"hiabadmin","author_link":"https:\/\/healthinabox.com\/fr\/author\/hiabadmin\/"},"uagb_comment_info":0,"uagb_excerpt":null,"_links":{"self":[{"href":"https:\/\/healthinabox.com\/fr\/wp-json\/wp\/v2\/pages\/10623","targetHints":{"allow":["GET"]}}],"collection":[{"href":"https:\/\/healthinabox.com\/fr\/wp-json\/wp\/v2\/pages"}],"about":[{"href":"https:\/\/healthinabox.com\/fr\/wp-json\/wp\/v2\/types\/page"}],"author":[{"embeddable":true,"href":"https:\/\/healthinabox.com\/fr\/wp-json\/wp\/v2\/users\/1"}],"replies":[{"embeddable":true,"href":"https:\/\/healthinabox.com\/fr\/wp-json\/wp\/v2\/comments?post=10623"}],"version-history":[{"count":1,"href":"https:\/\/healthinabox.com\/fr\/wp-json\/wp\/v2\/pages\/10623\/revisions"}],"predecessor-version":[{"id":10626,"href":"https:\/\/healthinabox.com\/fr\/wp-json\/wp\/v2\/pages\/10623\/revisions\/10626"}],"wp:attachment":[{"href":"https:\/\/healthinabox.com\/fr\/wp-json\/wp\/v2\/media?parent=10623"}],"curies":[{"name":"wp","href":"https:\/\/api.w.org\/{rel}","templated":true}]}}